{"id":433,"date":"2025-11-06T11:55:39","date_gmt":"2025-11-06T14:55:39","guid":{"rendered":"https:\/\/cfgarage.com.ar\/index.php\/producto\/mercedes-benz-c200-2017\/"},"modified":"2025-11-06T13:18:13","modified_gmt":"2025-11-06T16:18:13","slug":"mercedes-benz-c200-2017","status":"publish","type":"product","link":"https:\/\/cfgarage.com.ar\/index.php\/producto\/mercedes-benz-c200-2017\/","title":{"rendered":"Mercedes Benz c200 2017"},"content":{"rendered":"<p>Veh\u00edculo en excelente estado , Service reci\u00e9n realizado, 4 cubiertas nuevas , Vtv al d\u00eda<\/p>\n","protected":false},"excerpt":{"rendered":"<p>Modelo : 2017<\/p>\n<p>Tracci\u00f3n: trasera<\/p>\n<p>Vtv: 06\/2026<\/p>\n<p>Kms: 116000<\/p>\n","protected":false},"featured_media":432,"comment_status":"open","ping_status":"closed","template":"","meta":{"inline_featured_image":false},"product_brand":[],"product_cat":[25,22],"product_tag":[],"class_list":{"0":"post-433","1":"product","2":"type-product","3":"status-publish","4":"has-post-thumbnail","6":"product_cat-autos-seleccionados","7":"product_cat-sedan","9":"first","10":"instock","11":"virtual","12":"purchasable","13":"product-type-simple"},"_links":{"self":[{"href":"https:\/\/cfgarage.com.ar\/index.php\/wp-json\/wp\/v2\/product\/433","targetHints":{"allow":["GET"]}}],"collection":[{"href":"https:\/\/cfgarage.com.ar\/index.php\/wp-json\/wp\/v2\/product"}],"about":[{"href":"https:\/\/cfgarage.com.ar\/index.php\/wp-json\/wp\/v2\/types\/product"}],"replies":[{"embeddable":true,"href":"https:\/\/cfgarage.com.ar\/index.php\/wp-json\/wp\/v2\/comments?post=433"}],"version-history":[{"count":2,"href":"https:\/\/cfgarage.com.ar\/index.php\/wp-json\/wp\/v2\/product\/433\/revisions"}],"predecessor-version":[{"id":440,"href":"https:\/\/cfgarage.com.ar\/index.php\/wp-json\/wp\/v2\/product\/433\/revisions\/440"}],"wp:featuredmedia":[{"embeddable":true,"href":"https:\/\/cfgarage.com.ar\/index.php\/wp-json\/wp\/v2\/media\/432"}],"wp:attachment":[{"href":"https:\/\/cfgarage.com.ar\/index.php\/wp-json\/wp\/v2\/media?parent=433"}],"wp:term":[{"taxonomy":"product_brand","embeddable":true,"href":"https:\/\/cfgarage.com.ar\/index.php\/wp-json\/wp\/v2\/product_brand?post=433"},{"taxonomy":"product_cat","embeddable":true,"href":"https:\/\/cfgarage.com.ar\/index.php\/wp-json\/wp\/v2\/product_cat?post=433"},{"taxonomy":"product_tag","embeddable":true,"href":"https:\/\/cfgarage.com.ar\/index.php\/wp-json\/wp\/v2\/product_tag?post=433"}],"curies":[{"name":"wp","href":"https:\/\/api.w.org\/{rel}","templated":true}]}}