{"id":464,"date":"2025-11-12T15:11:47","date_gmt":"2025-11-12T18:11:47","guid":{"rendered":"https:\/\/cfgarage.com.ar\/index.php\/producto\/clio-mio-dynamique-2016\/"},"modified":"2025-11-12T15:23:27","modified_gmt":"2025-11-12T18:23:27","slug":"clio-mio-dynamique-2016","status":"publish","type":"product","link":"https:\/\/cfgarage.com.ar\/index.php\/producto\/clio-mio-dynamique-2016\/","title":{"rendered":"Clio m\u00edo dynamique 2016"},"content":{"rendered":"<p>Auto agil y muy econ\u00f3mico, est\u00e1 en excelente estado, 4 cubiertas nuevas , servir general reci\u00e9n hecho<\/p>\n","protected":false},"excerpt":{"rendered":"<p>Modelo: 2016<\/p>\n<p>Tracci\u00f3n: delantera<\/p>\n<p>Vtv: 08\/2026<\/p>\n<p>Kms: 85000<\/p>\n","protected":false},"featured_media":463,"comment_status":"open","ping_status":"closed","template":"","meta":{"inline_featured_image":false},"product_brand":[],"product_cat":[53,25],"product_tag":[],"class_list":{"0":"post-464","1":"product","2":"type-product","3":"status-publish","4":"has-post-thumbnail","6":"product_cat-hatchback","7":"product_cat-autos-seleccionados","9":"first","10":"instock","11":"virtual","12":"purchasable","13":"product-type-simple"},"_links":{"self":[{"href":"https:\/\/cfgarage.com.ar\/index.php\/wp-json\/wp\/v2\/product\/464","targetHints":{"allow":["GET"]}}],"collection":[{"href":"https:\/\/cfgarage.com.ar\/index.php\/wp-json\/wp\/v2\/product"}],"about":[{"href":"https:\/\/cfgarage.com.ar\/index.php\/wp-json\/wp\/v2\/types\/product"}],"replies":[{"embeddable":true,"href":"https:\/\/cfgarage.com.ar\/index.php\/wp-json\/wp\/v2\/comments?post=464"}],"version-history":[{"count":1,"href":"https:\/\/cfgarage.com.ar\/index.php\/wp-json\/wp\/v2\/product\/464\/revisions"}],"predecessor-version":[{"id":465,"href":"https:\/\/cfgarage.com.ar\/index.php\/wp-json\/wp\/v2\/product\/464\/revisions\/465"}],"wp:featuredmedia":[{"embeddable":true,"href":"https:\/\/cfgarage.com.ar\/index.php\/wp-json\/wp\/v2\/media\/463"}],"wp:attachment":[{"href":"https:\/\/cfgarage.com.ar\/index.php\/wp-json\/wp\/v2\/media?parent=464"}],"wp:term":[{"taxonomy":"product_brand","embeddable":true,"href":"https:\/\/cfgarage.com.ar\/index.php\/wp-json\/wp\/v2\/product_brand?post=464"},{"taxonomy":"product_cat","embeddable":true,"href":"https:\/\/cfgarage.com.ar\/index.php\/wp-json\/wp\/v2\/product_cat?post=464"},{"taxonomy":"product_tag","embeddable":true,"href":"https:\/\/cfgarage.com.ar\/index.php\/wp-json\/wp\/v2\/product_tag?post=464"}],"curies":[{"name":"wp","href":"https:\/\/api.w.org\/{rel}","templated":true}]}}